{"id":1308,"date":"2024-01-19T14:33:56","date_gmt":"2024-01-19T14:33:56","guid":{"rendered":"https:\/\/villa-rogoznica.de\/otisak"},"modified":"2024-05-21T10:05:31","modified_gmt":"2024-05-21T10:05:31","slug":"otisak","status":"publish","type":"page","link":"https:\/\/villa-rogoznica.de\/hr\/otisak","title":{"rendered":"otisak"},"content":{"rendered":"\t\t<div data-elementor-type=\"wp-page\" data-elementor-id=\"1308\" class=\"elementor elementor-1308 elementor-230\" data-elementor-post-type=\"page\">\n\t\t\t\t<div class=\"elementor-element elementor-element-43ec6ca e-flex e-con-boxed e-con e-parent\" data-id=\"43ec6ca\" data-element_type=\"container\">\n\t\t\t\t\t<div class=\"e-con-inner\">\n\t\t\t\t<div class=\"elementor-element elementor-element-0ddbc18 elementor-widget elementor-widget-html\" data-id=\"0ddbc18\" data-element_type=\"widget\" data-widget_type=\"html.default\">\n\t\t\t\t<div class=\"elementor-widget-container\">\n\t\t\t<h1>otisak<\/h1>\n\n<p>Ova pravna obavijest odnosi se na web stranicu Villa Antonija.<\/p>\n\n<h2>Prema \u00a7 5 TMG:<\/h2>\n\n<p>Vila Maria<br>\nVlasnik: Antonija Vukoja<br>\n\u010celina 2\/9<br>\n22203 Rogoznica<br>\nHrvatska<\/p>\n\n<h2>Kontakt:<\/h2>\n<p>Telefon: +49 (0) 157 \/ 8553 4116<br>\nEmail: dadovukoja@googlemail.com<\/p>\n\n<h2>Bankovni detalji:<\/h2>\n<p>IBAN: HR70 2407 0003 2373 3547 8<br>\nBIC: OTPVHR2X<\/p>\n\n<h2>Odricanje:<\/h2>\n<h3>Odgovornost za sadr\u017eaj<\/h3>\n<p>Sadr\u017eaj na\u0161ih stranica kreiran je s velikom pa\u017enjom. Me\u0111utim, ne mo\u017eemo jam\u010diti da je sadr\u017eaj to\u010dan, potpun ili a\u017euran. Kao pru\u017eatelj usluga, u skladu smo s Odjeljkom 7. stavkom 1 TMG je odgovoran za vlastiti sadr\u017eaj na ovim stranicama u skladu s op\u0107im zakonima. Me\u0111utim, prema Odjeljcima 8 do 10 TMG, kao pru\u017eatelj usluga nismo obvezni nadzirati prenesene ili pohranjene podatke tre\u0107ih strana ili istra\u017eivati \u200b\u200bokolnosti koje ukazuju na nezakonitu aktivnost.<\/p>\n\n<h3>Odgovornost za linkove<\/h3>\n<p>Na\u0161a ponuda sadr\u017ei poveznice na vanjske web stranice tre\u0107ih strana na \u010diji sadr\u017eaj nemamo utjecaja. Stoga ne mo\u017eemo preuzeti nikakvu odgovornost za ovaj vanjski sadr\u017eaj. Odgovaraju\u0107i pru\u017eatelj ili operater stranica uvijek je odgovoran za sadr\u017eaj povezanih stranica. Povezane stranice su provjerene zbog mogu\u0107ih zakonskih povreda u vrijeme povezivanja. Ilegalan sadr\u017eaj nije bio vidljiv u trenutku povezivanja.<\/p>\n\n<h3>autorsko pravo<\/h3>\n<p>Sadr\u017eaj i radovi na ovim stranicama koje su izradili operateri stranice podlije\u017eu njema\u010dkom zakonu o autorskim pravima. Umno\u017eavanje, obrada, distribucija i bilo kakva vrsta iskori\u0161tavanja izvan granica zakona o autorskim pravima zahtijevaju pisani pristanak doti\u010dnog autora ili kreatora. Preuzimanja i kopije ove stranice dopu\u0161tene su samo za privatnu, nekomercijalnu upotrebu.<\/p>\n\t\t<\/div>\n\t\t\t\t<\/div>\n\t\t\t\t\t<\/div>\n\t\t\t\t<\/div>\n\t\t\t\t<\/div>\n\t\t","protected":false},"excerpt":{"rendered":"<p>otisak Ova pravna obavijest odnosi se na web stranicu Villa Antonija. Prema \u00a7 5 TMG: Vila Maria Vlasnik: Antonija Vukoja \u010celina 2\/9 22203 Rogoznica Hrvatska Kontakt: Telefon: +49 (0) 157 \/ 8553 4116 Email: dadovukoja@googlemail.com Bankovni detalji: IBAN: HR70 2407 0003 2373 3547 8 BIC: OTPVHR2X Odricanje: Odgovornost za sadr\u017eaj Sadr\u017eaj na\u0161ih stranica kreiran je [&hellip;]<\/p>\n","protected":false},"author":1,"featured_media":0,"parent":0,"menu_order":0,"comment_status":"closed","ping_status":"closed","template":"","meta":{"footnotes":""},"class_list":["post-1308","page","type-page","status-publish","hentry"],"yoast_head":"<!-- This site is optimized with the Yoast SEO plugin v22.7 - https:\/\/yoast.com\/wordpress\/plugins\/seo\/ -->\n<title>otisak - Villa Maria Rogoznica<\/title>\n<meta name=\"robots\" content=\"index, follow, max-snippet:-1, max-image-preview:large, max-video-preview:-1\" \/>\n<link rel=\"canonical\" href=\"https:\/\/villa-rogoznica.de\/hr\/otisak\" \/>\n<meta property=\"og:locale\" content=\"hr_HR\" \/>\n<meta property=\"og:type\" content=\"article\" \/>\n<meta property=\"og:title\" content=\"otisak - Villa Maria Rogoznica\" \/>\n<meta property=\"og:description\" content=\"otisak Ova pravna obavijest odnosi se na web stranicu Villa Antonija. Prema \u00a7 5 TMG: Vila Maria Vlasnik: Antonija Vukoja \u010celina 2\/9 22203 Rogoznica Hrvatska Kontakt: Telefon: +49 (0) 157 \/ 8553 4116 Email: dadovukoja@googlemail.com Bankovni detalji: IBAN: HR70 2407 0003 2373 3547 8 BIC: OTPVHR2X Odricanje: Odgovornost za sadr\u017eaj Sadr\u017eaj na\u0161ih stranica kreiran je [&hellip;]\" \/>\n<meta property=\"og:url\" content=\"https:\/\/villa-rogoznica.de\/hr\/otisak\" \/>\n<meta property=\"og:site_name\" content=\"Villa Maria Rogoznica\" \/>\n<meta property=\"article:modified_time\" content=\"2024-05-21T10:05:31+00:00\" \/>\n<meta name=\"twitter:card\" content=\"summary_large_image\" \/>\n<meta name=\"twitter:label1\" content=\"Procijenjeno vrijeme \u010ditanja\" \/>\n\t<meta name=\"twitter:data1\" content=\"1 minuta\" \/>\n<script type=\"application\/ld+json\" class=\"yoast-schema-graph\">{\"@context\":\"https:\/\/schema.org\",\"@graph\":[{\"@type\":\"WebPage\",\"@id\":\"https:\/\/villa-rogoznica.de\/hr\/otisak\",\"url\":\"https:\/\/villa-rogoznica.de\/hr\/otisak\",\"name\":\"otisak - Villa Maria Rogoznica\",\"isPartOf\":{\"@id\":\"https:\/\/villa-rogoznica.de\/hr#website\"},\"datePublished\":\"2024-01-19T14:33:56+00:00\",\"dateModified\":\"2024-05-21T10:05:31+00:00\",\"breadcrumb\":{\"@id\":\"https:\/\/villa-rogoznica.de\/hr\/otisak#breadcrumb\"},\"inLanguage\":\"hr\",\"potentialAction\":[{\"@type\":\"ReadAction\",\"target\":[\"https:\/\/villa-rogoznica.de\/hr\/otisak\"]}]},{\"@type\":\"BreadcrumbList\",\"@id\":\"https:\/\/villa-rogoznica.de\/hr\/otisak#breadcrumb\",\"itemListElement\":[{\"@type\":\"ListItem\",\"position\":1,\"name\":\"Startseite\",\"item\":\"https:\/\/villa-rogoznica.de\/hr\/apartmani-villa-antonija-rogoznica\"},{\"@type\":\"ListItem\",\"position\":2,\"name\":\"otisak\"}]},{\"@type\":\"WebSite\",\"@id\":\"https:\/\/villa-rogoznica.de\/hr#website\",\"url\":\"https:\/\/villa-rogoznica.de\/hr\",\"name\":\"Antonija Apartments & Villa Rogoznica\",\"description\":\"\",\"publisher\":{\"@id\":\"https:\/\/villa-rogoznica.de\/hr#organization\"},\"potentialAction\":[{\"@type\":\"SearchAction\",\"target\":{\"@type\":\"EntryPoint\",\"urlTemplate\":\"https:\/\/villa-rogoznica.de\/hr?s={search_term_string}\"},\"query-input\":\"required name=search_term_string\"}],\"inLanguage\":\"hr\"},{\"@type\":\"Organization\",\"@id\":\"https:\/\/villa-rogoznica.de\/hr#organization\",\"name\":\"Antonija Apartments & Villa Rogoznica\",\"url\":\"https:\/\/villa-rogoznica.de\/hr\",\"logo\":{\"@type\":\"ImageObject\",\"inLanguage\":\"hr\",\"@id\":\"https:\/\/villa-rogoznica.de\/hr#\/schema\/logo\/image\/\",\"url\":\"https:\/\/villa-rogoznica.de\/wp-content\/uploads\/2023\/12\/Logo-Villa-Maria-Logo-White.svg\",\"contentUrl\":\"https:\/\/villa-rogoznica.de\/wp-content\/uploads\/2023\/12\/Logo-Villa-Maria-Logo-White.svg\",\"width\":661,\"height\":206,\"caption\":\"Antonija Apartments & Villa Rogoznica\"},\"image\":{\"@id\":\"https:\/\/villa-rogoznica.de\/hr#\/schema\/logo\/image\/\"}}]}<\/script>\n<!-- \/ Yoast SEO plugin. -->","yoast_head_json":{"title":"otisak - Villa Maria Rogoznica","robots":{"index":"index","follow":"follow","max-snippet":"max-snippet:-1","max-image-preview":"max-image-preview:large","max-video-preview":"max-video-preview:-1"},"canonical":"https:\/\/villa-rogoznica.de\/hr\/otisak","og_locale":"hr_HR","og_type":"article","og_title":"otisak - Villa Maria Rogoznica","og_description":"otisak Ova pravna obavijest odnosi se na web stranicu Villa Antonija. Prema \u00a7 5 TMG: Vila Maria Vlasnik: Antonija Vukoja \u010celina 2\/9 22203 Rogoznica Hrvatska Kontakt: Telefon: +49 (0) 157 \/ 8553 4116 Email: dadovukoja@googlemail.com Bankovni detalji: IBAN: HR70 2407 0003 2373 3547 8 BIC: OTPVHR2X Odricanje: Odgovornost za sadr\u017eaj Sadr\u017eaj na\u0161ih stranica kreiran je [&hellip;]","og_url":"https:\/\/villa-rogoznica.de\/hr\/otisak","og_site_name":"Villa Maria Rogoznica","article_modified_time":"2024-05-21T10:05:31+00:00","twitter_card":"summary_large_image","twitter_misc":{"Procijenjeno vrijeme \u010ditanja":"1 minuta"},"schema":{"@context":"https:\/\/schema.org","@graph":[{"@type":"WebPage","@id":"https:\/\/villa-rogoznica.de\/hr\/otisak","url":"https:\/\/villa-rogoznica.de\/hr\/otisak","name":"otisak - Villa Maria Rogoznica","isPartOf":{"@id":"https:\/\/villa-rogoznica.de\/hr#website"},"datePublished":"2024-01-19T14:33:56+00:00","dateModified":"2024-05-21T10:05:31+00:00","breadcrumb":{"@id":"https:\/\/villa-rogoznica.de\/hr\/otisak#breadcrumb"},"inLanguage":"hr","potentialAction":[{"@type":"ReadAction","target":["https:\/\/villa-rogoznica.de\/hr\/otisak"]}]},{"@type":"BreadcrumbList","@id":"https:\/\/villa-rogoznica.de\/hr\/otisak#breadcrumb","itemListElement":[{"@type":"ListItem","position":1,"name":"Startseite","item":"https:\/\/villa-rogoznica.de\/hr\/apartmani-villa-antonija-rogoznica"},{"@type":"ListItem","position":2,"name":"otisak"}]},{"@type":"WebSite","@id":"https:\/\/villa-rogoznica.de\/hr#website","url":"https:\/\/villa-rogoznica.de\/hr","name":"Antonija Apartments & Villa Rogoznica","description":"","publisher":{"@id":"https:\/\/villa-rogoznica.de\/hr#organization"},"potentialAction":[{"@type":"SearchAction","target":{"@type":"EntryPoint","urlTemplate":"https:\/\/villa-rogoznica.de\/hr?s={search_term_string}"},"query-input":"required name=search_term_string"}],"inLanguage":"hr"},{"@type":"Organization","@id":"https:\/\/villa-rogoznica.de\/hr#organization","name":"Antonija Apartments & Villa Rogoznica","url":"https:\/\/villa-rogoznica.de\/hr","logo":{"@type":"ImageObject","inLanguage":"hr","@id":"https:\/\/villa-rogoznica.de\/hr#\/schema\/logo\/image\/","url":"https:\/\/villa-rogoznica.de\/wp-content\/uploads\/2023\/12\/Logo-Villa-Maria-Logo-White.svg","contentUrl":"https:\/\/villa-rogoznica.de\/wp-content\/uploads\/2023\/12\/Logo-Villa-Maria-Logo-White.svg","width":661,"height":206,"caption":"Antonija Apartments & Villa Rogoznica"},"image":{"@id":"https:\/\/villa-rogoznica.de\/hr#\/schema\/logo\/image\/"}}]}},"_links":{"self":[{"href":"https:\/\/villa-rogoznica.de\/hr\/wp-json\/wp\/v2\/pages\/1308","targetHints":{"allow":["GET"]}}],"collection":[{"href":"https:\/\/villa-rogoznica.de\/hr\/wp-json\/wp\/v2\/pages"}],"about":[{"href":"https:\/\/villa-rogoznica.de\/hr\/wp-json\/wp\/v2\/types\/page"}],"author":[{"embeddable":true,"href":"https:\/\/villa-rogoznica.de\/hr\/wp-json\/wp\/v2\/users\/1"}],"replies":[{"embeddable":true,"href":"https:\/\/villa-rogoznica.de\/hr\/wp-json\/wp\/v2\/comments?post=1308"}],"version-history":[{"count":2,"href":"https:\/\/villa-rogoznica.de\/hr\/wp-json\/wp\/v2\/pages\/1308\/revisions"}],"predecessor-version":[{"id":1614,"href":"https:\/\/villa-rogoznica.de\/hr\/wp-json\/wp\/v2\/pages\/1308\/revisions\/1614"}],"wp:attachment":[{"href":"https:\/\/villa-rogoznica.de\/hr\/wp-json\/wp\/v2\/media?parent=1308"}],"curies":[{"name":"wp","href":"https:\/\/api.w.org\/{rel}","templated":true}]}}