{"id":1337,"date":"2024-02-13T15:47:38","date_gmt":"2024-02-13T15:47:38","guid":{"rendered":"https:\/\/villa-rogoznica.de\/zastita-podataka"},"modified":"2024-04-22T13:59:39","modified_gmt":"2024-04-22T13:59:39","slug":"zastita-podataka","status":"publish","type":"page","link":"https:\/\/villa-rogoznica.de\/hr\/zastita-podataka","title":{"rendered":"za\u0161tita podataka"},"content":{"rendered":"\t\t<div data-elementor-type=\"wp-page\" data-elementor-id=\"1337\" class=\"elementor elementor-1337 elementor-611\" data-elementor-post-type=\"page\">\n\t\t\t\t<div class=\"elementor-element elementor-element-caa6304 e-flex e-con-boxed e-con e-parent\" data-id=\"caa6304\" data-element_type=\"container\">\n\t\t\t\t\t<div class=\"e-con-inner\">\n\t\t\t\t<div class=\"elementor-element elementor-element-a6c8b93 elementor-widget elementor-widget-html\" data-id=\"a6c8b93\" data-element_type=\"widget\" data-widget_type=\"html.default\">\n\t\t\t\t<div class=\"elementor-widget-container\">\n\t\t\t<h1>Politika privatnosti Ville Antonija<\/h1>\n\n<p>Hvala \u0161to ste razmotrili Villu Antoniju za svoj boravak. Sigurnost Va\u0161ih osobnih podataka nam je va\u017ena. Ova politika privatnosti ima za cilj informirati vas o tome kako prikupljamo, koristimo i \u0161titimo va\u0161e podatke kada napravite zahtjev za rezervaciju putem na\u0161e web stranice.<\/p>\n\n<h2>Osobni podaci koje prikupljamo<\/h2>\n<p>Kada podnesete zahtjev za rezervaciju na na\u0161oj web stranici, mo\u017eemo od vas zatra\u017eiti da nam date odre\u0111ene osobne podatke koji se mogu koristiti za obradu va\u0161eg zahtjeva. Ovo uklju\u010duje:<\/p>\n<ul>\n<li>Ime i prezime<\/li>\n<li>Email adresa<\/li>\n<li>Telefonski broj<\/li>\n<li>Adresa<\/li>\n<li>Ostale informacije koje mogu biti relevantne za obradu va\u0161eg zahtjeva za rezervaciju<\/li>\n<\/ul>\n\n<h2>Kako koristimo va\u0161e podatke<\/h2>\n<p>Podaci koje pru\u017eite koristit \u0107e se za:<\/p>\n<ul>\n<li>Obraditi i odgovoriti na va\u0161 zahtjev za rezervaciju<\/li>\n<li>Da bismo vam pru\u017eili potrebne informacije u vezi va\u0161eg boravka<\/li>\n<li>Pru\u017eati korisni\u010dku podr\u0161ku i odgovarati na upite<\/li>\n<\/ul>\n\n<h2>Sigurnost podataka<\/h2>\n<p>Koristimo odgovaraju\u0107e sigurnosne mjere kako bismo osigurali za\u0161titu va\u0161ih osobnih podataka. Me\u0111utim, prijenos informacija putem interneta nikada nije potpuno siguran. Iako dajemo sve od sebe kako bismo za\u0161titili va\u0161e osobne podatke, ne mo\u017eemo jam\u010diti sigurnost bilo kojih informacija koje se prenose putem na\u0161e web stranice.<\/p>\n\n<h2>Dijeljenje va\u0161ih podataka<\/h2>\n<p>Va\u0161e osobne podatke proslje\u0111ujemo tre\u0107im stranama samo ako je to propisano zakonom ili ako je to neophodno za pru\u017eanje na\u0161ih usluga prema vama, na primjer pru\u017eateljima usluga za obradu rezervacije. Doma\u0107in na\u0161e web stranice je IONOS. Mo\u017eete pogledati IONOS-ovu praksu privatnosti na njihovoj web stranici.<\/p>\n\n<h2>Promjene ove politike privatnosti<\/h2>\n<p>Zadr\u017eavamo pravo a\u017euriranja ove politike privatnosti s vremena na vrijeme. Promjene \u0107e stupiti na snagu \u010dim budu objavljene na na\u0161oj web stranici. Preporu\u010dujemo da povremeno provjeravate ovu stranicu radi eventualnih promjena.<\/p>\n\n<h2>Va\u0161a prava na privatnost<\/h2>\n<p>Prema zakonu Europske unije o za\u0161titi podataka, imate pravo pristupiti, ispraviti ili izbrisati svoje podatke. Ako \u017eelite ostvariti ovo pravo, kontaktirajte nas putem dolje navedenih podataka za kontakt.<\/p>\n<h2>Prikupljanje podataka kada posjetite na\u0161u web stranicu<\/h2><p>\nAko na\u0161u web stranicu koristite samo u informativne svrhe, tj. ako se ne registrirate ili nam na neki drugi na\u010din ne date informacije, mi prikupljamo samo podatke koje va\u0161 preglednik prenosi na\u0161em poslu\u017eitelju (tzv. \"log datoteke poslu\u017eitelja\"). Kada pristupite na\u0161oj web stranici, prikupljamo sljede\u0107e podatke koji su nam tehni\u010dki potrebni za prikaz web stranice:\n\nNa\u0161a posje\u0107ena web stranica\nDatum i vrijeme u trenutku pristupa\nKoli\u010dina poslanih podataka u bajtovima\nIzvor\/referenca iz koje ste do\u0161li na stranicu\nKori\u0161ten preglednik\nKori\u0161teni operativni sustav\nKori\u0161tena IP adresa (po potrebi: u anonimiziranom obliku)\nObrada se odvija u skladu s \u010dl. 6. st. 1 lit. f GDPR na temelju na\u0161eg legitimnog interesa za pobolj\u0161anjem stabilnosti i funkcionalnosti na\u0161e web stranice. Podaci se ne\u0107e proslje\u0111ivati \u200b\u200bniti koristiti na bilo koji drugi na\u010din. Me\u0111utim, zadr\u017eavamo pravo naknadne provjere log datoteka poslu\u017eitelja ako postoje konkretne indikacije nezakonitog kori\u0161tenja.<\/p>\n\n<h2>  Mre\u017ea za hosting i isporuku sadr\u017eaja\nIONOS<\/h2>\n<p>Na na\u0161oj web stranici koristimo takozvanu mre\u017eu za isporuku sadr\u017eaja (\"CDN\") od &amp;1 IONOS Internet SE, Elgendorfer Str. 57, 56410 Montabaur (\"IONOS\"). Mre\u017ea za isporuku sadr\u017eaja je online usluga uz pomo\u0107 koje se velike medijske datoteke (kao \u0161to su grafike, sadr\u017eaj stranice ili skripte) isporu\u010duju kroz mre\u017eu regionalno distribuiranih poslu\u017eitelja povezanih putem Interneta. Kori\u0161tenje mre\u017ee za isporuku sadr\u017eaja iz IONOS-a poma\u017ee nam optimizirati brzine u\u010ditavanja na\u0161e web stranice.\nObrada se odvija u skladu s \u010dl. 6. st. 1 lit. f GDPR na temelju na\u0161eg legitimnog interesa za sigurnu i u\u010dinkovitu ponudu, kao i pobolj\u0161anje stabilnosti i funkcionalnosti na\u0161e web stranice.\nS IONOS-om smo sklopili ugovor o obradi narud\u017ebi, koji obvezuje IONOS da \u0161titi podatke posjetitelja na\u0161e stranice i da ih ne proslje\u0111uje tre\u0107im stranama. Dodatne informacije mo\u017eete prona\u0107i u IONOS izjavi o za\u0161titi podataka na: https:\/\/www.ionos.de\/terms-gtc\/terms-privacy\n<\/p>\n<h2>Kola\u010di\u0107i<\/h2>\n<p>Kako bismo posjet na\u0161oj web stranici u\u010dinili atraktivnim i omogu\u0107ili kori\u0161tenje odre\u0111enih funkcija, na raznim stranicama koristimo takozvane kola\u010di\u0107e. To su male tekstualne datoteke koje su pohranjene na va\u0161em ure\u0111aju. Neki od kola\u010di\u0107a koje koristimo bri\u0161u se nakon zavr\u0161etka sesije preglednika, odnosno nakon \u0161to zatvorite preglednik (tzv. sesijski kola\u010di\u0107i). Ostali kola\u010di\u0107i ostaju na va\u0161em ure\u0111aju i omogu\u0107uju nama ili na\u0161im partnerskim tvrtkama (kola\u010di\u0107i tre\u0107e strane) da prepoznamo va\u0161 preglednik pri va\u0161em sljede\u0107em posjetu (stalni kola\u010di\u0107i). Ako su kola\u010di\u0107i postavljeni, oni prikupljaju i obra\u0111uju odre\u0111ene korisni\u010dke podatke kao \u0161to su podaci o pregledniku i lokaciji kao i vrijednosti IP adrese na pojedina\u010dnoj osnovi. Trajni kola\u010di\u0107i automatski se bri\u0161u nakon odre\u0111enog vremenskog razdoblja koje mo\u017ee varirati ovisno o kola\u010di\u0107u.\n\nAko se osobni podaci obra\u0111uju i putem pojedina\u010dnih kola\u010di\u0107a koje implementiramo, obrada se odvija u skladu s \u010dl. 6. st. 1 lit. b GDPR ili za provedbu ugovora ili u skladu s \u010dl. 1 lit. f GDPR kako bismo za\u0161titili na\u0161e legitimne interese za najbolju mogu\u0107u funkcionalnost web stranice kao i korisniku prilago\u0111en i u\u010dinkovit dizajn posjeta stranici.\n\nMo\u017eemo sura\u0111ivati \u200b\u200bs partnerima za ogla\u0161avanje koji nam poma\u017eu da na\u0161u web stranicu u\u010dinimo zanimljivijom za vas. U tu se svrhu kola\u010di\u0107i partnerskih tvrtki tako\u0111er spremaju na va\u0161 tvrdi disk kada posjetite na\u0161u web stranicu (kola\u010di\u0107i tre\u0107e strane). Ako sura\u0111ujemo s gore navedenim partnerima za ogla\u0161avanje, bit \u0107ete pojedina\u010dno i zasebno obavije\u0161teni o upotrebi takvih kola\u010di\u0107a i opsegu informacija prikupljenih u svakom slu\u010daju unutar odlomaka u nastavku.\n\nImajte na umu da mo\u017eete postaviti svoj preglednik tako da budete obavije\u0161teni o postavkama kola\u010di\u0107a i mo\u017eete pojedina\u010dno odlu\u010diti ho\u0107ete li ih prihvatiti ili isklju\u010diti prihva\u0107anje kola\u010di\u0107a za odre\u0111ene slu\u010dajeve ili op\u0107enito. Svaki se preglednik razlikuje po na\u010dinu na koji upravlja postavkama kola\u010di\u0107a. To je opisano u izborniku pomo\u0107i svakog preglednika, koji obja\u0161njava kako mo\u017eete promijeniti postavke kola\u010di\u0107a. Mo\u017eete ih prona\u0107i za odgovaraju\u0107e preglednike na sljede\u0107im poveznicama:\n\nMicrosoft Edge: https:\/\/support.microsoft.com\/de-de\/microsoft-edge\/tempor\u00e4res-allow-von-cookies-und-website-daten-in-microsoft-edge-597f04f2-c0ce-f08c-7c2b-541086362bd2\nFirefox: https:\/\/support.mozilla.org\/de\/kb\/cookies-erlauben-und-ablehne\nChrome: http:\/\/support.google.com\/chrome\/bin\/answer.py?hl=de&amp;hlrm=en&amp;answer=95647\nSafari: https:\/\/support.apple.com\/de-de\/guide\/safari\/sfri11471\/mac\nOpera: http:\/\/help.opera.com\/Windows\/10.20\/de\/cookies.html\n\nImajte na umu da ako ne prihva\u0107ate kola\u010di\u0107e, funkcionalnost na\u0161e web stranice mo\u017ee biti ograni\u010dena.<\/p>\n\n<h2>  Alati i ostalo\nAlat za pristanak na kola\u010di\u0107e<\/h2>\n\nOva web stranica koristi takozvani \"alat za pristanak na kola\u010di\u0107e\" za dobivanje efektivnog pristanka korisnika za kola\u010di\u0107e i aplikacije temeljene na kola\u010di\u0107ima koje zahtijevaju pristanak. \u201eAlat za pristanak na kola\u010di\u0107e\u201d prikazuje se korisnicima kada pristupe stranici u obliku interaktivnog korisni\u010dkog su\u010delja na kojem se ozna\u010davanjem okvira mo\u017ee dati pristanak za odre\u0111ene kola\u010di\u0107e i\/ili aplikacije temeljene na kola\u010di\u0107ima. Kori\u0161tenjem alata, svi kola\u010di\u0107i\/usluge koje zahtijevaju privolu u\u010ditavaju se samo ako doti\u010dni korisnik da svoj pristanak ozna\u010davanjem ku\u0107ice. Time se osigurava da se takvi kola\u010di\u0107i postavljaju na korisnikov ure\u0111aj samo ako je dan pristanak.\nAlat postavlja tehni\u010dki potrebne kola\u010di\u0107e za pohranjivanje va\u0161ih postavki kola\u010di\u0107a. Ovdje se op\u0107enito ne obra\u0111uju osobni podaci korisnika.\nAko se u pojedina\u010dnim slu\u010dajevima osobni podaci (kao \u0161to je IP adresa) obra\u0111uju u svrhu pohrane, dodjele ili bilje\u017eenja postavki kola\u010di\u0107a, to se provodi u skladu s \u010dl. 6. st. 1 lit. f GDPR na temelju na\u0161eg legitimnog interesa za upravljanje privolom za kola\u010di\u0107e koje je uskla\u0111eno sa zakonima, prilago\u0111eno korisniku i prilago\u0111eno korisniku, a time i za dizajn na\u0161e web stranice koji je uskla\u0111en sa zakonima.\nDruga pravna osnova za obradu je \u010dlanak 6. stavak. 1 lit. c GDPR. Kao odgovorni, podlije\u017eemo zakonskoj obvezi da kori\u0161tenje kola\u010di\u0107a koji nisu tehni\u010dki potrebni ovisi o doti\u010dnom pristanku korisnika.\nDodatne informacije o operateru i mogu\u0107nostima pode\u0161avanja za alat za pristanak na kola\u010di\u0107e mo\u017eete prona\u0107i izravno u odgovaraju\u0107em korisni\u010dkom su\u010delju na na\u0161oj web stranici.\n\n<h2>Trajanje pohrane osobnih podataka<\/h2>\n<p>Trajanje pohrane osobnih podataka odre\u0111uje se na temelju odgovaraju\u0107e pravne osnove, svrhe obrade i - ako je relevantno - dodatno na temelju odgovaraju\u0107eg zakonskog razdoblja \u010duvanja (npr. razdoblja \u010duvanja prema trgova\u010dkom i poreznom pravu).\n\nPrilikom obrade osobnih podataka na temelju izri\u010dite privole sukladno \u010dl. 6. st. 1 lit. GDPR, ti \u0107e se podaci pohranjivati \u200b\u200bsve dok doti\u010dna osoba ne opozove svoj pristanak.\n\nPostoje li zakonom propisani rokovi \u010duvanja podataka koji se pohranjuju u okviru zakonskih ili sli\u010dnih obveza temeljem \u010dlanka 6. st. 1 lit. b DSGVO obra\u0111eni, ti \u0107e se podaci rutinski izbrisati nakon isteka razdoblja \u010duvanja, osim ako vi\u0161e nisu potrebni za ispunjenje ili pokretanje ugovora i\/ili nemamo legitiman interes za daljnju pohranu.\n\nPrilikom obrade osobnih podataka na temelju \u010dl.6.st. 1 lit. f DSGVO, ovi podaci \u0107e biti pohranjeni dok doti\u010dna osoba ne iskoristi svoje pravo na prigovor u skladu s \u010dl. 21. st. 1 GDPR, osim ako mo\u017eemo dokazati uvjerljive legitimne razloge za obradu koji prevladavaju nad interesima, pravima i slobodama nositelja podataka ili obrada slu\u017ei za utvr\u0111ivanje, ostvarivanje ili obranu pravnih zahtjeva.\n\nPrilikom obrade osobnih podataka u svrhu izravnog ogla\u0161avanja na temelju \u010dl.6.st. 1 lit. f DSGVO, ovi podaci \u0107e biti pohranjeni dok doti\u010dna osoba ne iskoristi svoje pravo na prigovor u skladu s \u010dl. 21. st. 2 GDPR.\n\nOsim ako nije druga\u010dije navedeno u drugim informacijama u ovoj izjavi o odre\u0111enim situacijama obrade, pohranjeni osobni podaci bit \u0107e izbrisani kada vi\u0161e nisu potrebni za svrhe za koje su prikupljeni ili na drugi na\u010din obra\u0111eni.<\/p>\n\n<h2>Kontakt podaci<\/h2>\n<p>Ako imate pitanja o politici privatnosti ili va\u0161im osobnim podacima, kontaktirajte nas:<\/p>\n<ul>\n<li>Telefon: +49 (0) 157 \/ 8553 4116<\/li>\n<li>Email: dadovukoja@googlemail.com<\/li>\n<li>Adresa: \u010celina 2\/9, 22203 Rogoznica<\/li>\n<\/ul>\n\t\t<\/div>\n\t\t\t\t<\/div>\n\t\t\t\t\t<\/div>\n\t\t\t\t<\/div>\n\t\t\t\t<\/div>\n\t\t","protected":false},"excerpt":{"rendered":"<p>Politika privatnosti Ville Antonija Hvala \u0161to ste razmotrili Villu Antoniju za svoj boravak. Sigurnost Va\u0161ih osobnih podataka nam je va\u017ena. Ova politika privatnosti ima za cilj informirati vas o tome kako prikupljamo, koristimo i \u0161titimo va\u0161e podatke kada napravite zahtjev za rezervaciju putem na\u0161e web stranice. Osobni podaci koje prikupljamo Kada podnesete zahtjev za rezervaciju [&hellip;]<\/p>\n","protected":false},"author":2,"featured_media":0,"parent":0,"menu_order":0,"comment_status":"closed","ping_status":"closed","template":"","meta":{"footnotes":""},"class_list":["post-1337","page","type-page","status-publish","hentry"],"yoast_head":"<!-- This site is optimized with the Yoast SEO plugin v22.7 - https:\/\/yoast.com\/wordpress\/plugins\/seo\/ -->\n<title>za\u0161tita podataka - Villa Maria Rogoznica<\/title>\n<meta name=\"robots\" content=\"index, follow, max-snippet:-1, max-image-preview:large, max-video-preview:-1\" \/>\n<link rel=\"canonical\" href=\"https:\/\/villa-rogoznica.de\/hr\/zastita-podataka\" \/>\n<meta property=\"og:locale\" content=\"hr_HR\" \/>\n<meta property=\"og:type\" content=\"article\" \/>\n<meta property=\"og:title\" content=\"za\u0161tita podataka - Villa Maria Rogoznica\" \/>\n<meta property=\"og:description\" content=\"Politika privatnosti Ville Antonija Hvala \u0161to ste razmotrili Villu Antoniju za svoj boravak. Sigurnost Va\u0161ih osobnih podataka nam je va\u017ena. Ova politika privatnosti ima za cilj informirati vas o tome kako prikupljamo, koristimo i \u0161titimo va\u0161e podatke kada napravite zahtjev za rezervaciju putem na\u0161e web stranice. Osobni podaci koje prikupljamo Kada podnesete zahtjev za rezervaciju [&hellip;]\" \/>\n<meta property=\"og:url\" content=\"https:\/\/villa-rogoznica.de\/hr\/zastita-podataka\" \/>\n<meta property=\"og:site_name\" content=\"Villa Maria Rogoznica\" \/>\n<meta property=\"article:modified_time\" content=\"2024-04-22T13:59:39+00:00\" \/>\n<meta name=\"twitter:card\" content=\"summary_large_image\" \/>\n<meta name=\"twitter:label1\" content=\"Procijenjeno vrijeme \u010ditanja\" \/>\n\t<meta name=\"twitter:data1\" content=\"9 minuta\" \/>\n<script type=\"application\/ld+json\" class=\"yoast-schema-graph\">{\"@context\":\"https:\/\/schema.org\",\"@graph\":[{\"@type\":\"WebPage\",\"@id\":\"https:\/\/villa-rogoznica.de\/hr\/zastita-podataka\",\"url\":\"https:\/\/villa-rogoznica.de\/hr\/zastita-podataka\",\"name\":\"za\u0161tita podataka - Villa Maria Rogoznica\",\"isPartOf\":{\"@id\":\"https:\/\/villa-rogoznica.de\/hr#website\"},\"datePublished\":\"2024-02-13T15:47:38+00:00\",\"dateModified\":\"2024-04-22T13:59:39+00:00\",\"breadcrumb\":{\"@id\":\"https:\/\/villa-rogoznica.de\/hr\/zastita-podataka#breadcrumb\"},\"inLanguage\":\"hr\",\"potentialAction\":[{\"@type\":\"ReadAction\",\"target\":[\"https:\/\/villa-rogoznica.de\/hr\/zastita-podataka\"]}]},{\"@type\":\"BreadcrumbList\",\"@id\":\"https:\/\/villa-rogoznica.de\/hr\/zastita-podataka#breadcrumb\",\"itemListElement\":[{\"@type\":\"ListItem\",\"position\":1,\"name\":\"Startseite\",\"item\":\"https:\/\/villa-rogoznica.de\/hr\/apartmani-villa-antonija-rogoznica\"},{\"@type\":\"ListItem\",\"position\":2,\"name\":\"za\u0161tita podataka\"}]},{\"@type\":\"WebSite\",\"@id\":\"https:\/\/villa-rogoznica.de\/hr#website\",\"url\":\"https:\/\/villa-rogoznica.de\/hr\",\"name\":\"Antonija Apartments & Villa Rogoznica\",\"description\":\"\",\"publisher\":{\"@id\":\"https:\/\/villa-rogoznica.de\/hr#organization\"},\"potentialAction\":[{\"@type\":\"SearchAction\",\"target\":{\"@type\":\"EntryPoint\",\"urlTemplate\":\"https:\/\/villa-rogoznica.de\/hr?s={search_term_string}\"},\"query-input\":\"required name=search_term_string\"}],\"inLanguage\":\"hr\"},{\"@type\":\"Organization\",\"@id\":\"https:\/\/villa-rogoznica.de\/hr#organization\",\"name\":\"Antonija Apartments & Villa Rogoznica\",\"url\":\"https:\/\/villa-rogoznica.de\/hr\",\"logo\":{\"@type\":\"ImageObject\",\"inLanguage\":\"hr\",\"@id\":\"https:\/\/villa-rogoznica.de\/hr#\/schema\/logo\/image\/\",\"url\":\"https:\/\/villa-rogoznica.de\/wp-content\/uploads\/2023\/12\/Logo-Villa-Maria-Logo-White.svg\",\"contentUrl\":\"https:\/\/villa-rogoznica.de\/wp-content\/uploads\/2023\/12\/Logo-Villa-Maria-Logo-White.svg\",\"width\":661,\"height\":206,\"caption\":\"Antonija Apartments & Villa Rogoznica\"},\"image\":{\"@id\":\"https:\/\/villa-rogoznica.de\/hr#\/schema\/logo\/image\/\"}}]}<\/script>\n<!-- \/ Yoast SEO plugin. -->","yoast_head_json":{"title":"za\u0161tita podataka - Villa Maria Rogoznica","robots":{"index":"index","follow":"follow","max-snippet":"max-snippet:-1","max-image-preview":"max-image-preview:large","max-video-preview":"max-video-preview:-1"},"canonical":"https:\/\/villa-rogoznica.de\/hr\/zastita-podataka","og_locale":"hr_HR","og_type":"article","og_title":"za\u0161tita podataka - Villa Maria Rogoznica","og_description":"Politika privatnosti Ville Antonija Hvala \u0161to ste razmotrili Villu Antoniju za svoj boravak. Sigurnost Va\u0161ih osobnih podataka nam je va\u017ena. Ova politika privatnosti ima za cilj informirati vas o tome kako prikupljamo, koristimo i \u0161titimo va\u0161e podatke kada napravite zahtjev za rezervaciju putem na\u0161e web stranice. Osobni podaci koje prikupljamo Kada podnesete zahtjev za rezervaciju [&hellip;]","og_url":"https:\/\/villa-rogoznica.de\/hr\/zastita-podataka","og_site_name":"Villa Maria Rogoznica","article_modified_time":"2024-04-22T13:59:39+00:00","twitter_card":"summary_large_image","twitter_misc":{"Procijenjeno vrijeme \u010ditanja":"9 minuta"},"schema":{"@context":"https:\/\/schema.org","@graph":[{"@type":"WebPage","@id":"https:\/\/villa-rogoznica.de\/hr\/zastita-podataka","url":"https:\/\/villa-rogoznica.de\/hr\/zastita-podataka","name":"za\u0161tita podataka - Villa Maria Rogoznica","isPartOf":{"@id":"https:\/\/villa-rogoznica.de\/hr#website"},"datePublished":"2024-02-13T15:47:38+00:00","dateModified":"2024-04-22T13:59:39+00:00","breadcrumb":{"@id":"https:\/\/villa-rogoznica.de\/hr\/zastita-podataka#breadcrumb"},"inLanguage":"hr","potentialAction":[{"@type":"ReadAction","target":["https:\/\/villa-rogoznica.de\/hr\/zastita-podataka"]}]},{"@type":"BreadcrumbList","@id":"https:\/\/villa-rogoznica.de\/hr\/zastita-podataka#breadcrumb","itemListElement":[{"@type":"ListItem","position":1,"name":"Startseite","item":"https:\/\/villa-rogoznica.de\/hr\/apartmani-villa-antonija-rogoznica"},{"@type":"ListItem","position":2,"name":"za\u0161tita podataka"}]},{"@type":"WebSite","@id":"https:\/\/villa-rogoznica.de\/hr#website","url":"https:\/\/villa-rogoznica.de\/hr","name":"Antonija Apartments & Villa Rogoznica","description":"","publisher":{"@id":"https:\/\/villa-rogoznica.de\/hr#organization"},"potentialAction":[{"@type":"SearchAction","target":{"@type":"EntryPoint","urlTemplate":"https:\/\/villa-rogoznica.de\/hr?s={search_term_string}"},"query-input":"required name=search_term_string"}],"inLanguage":"hr"},{"@type":"Organization","@id":"https:\/\/villa-rogoznica.de\/hr#organization","name":"Antonija Apartments & Villa Rogoznica","url":"https:\/\/villa-rogoznica.de\/hr","logo":{"@type":"ImageObject","inLanguage":"hr","@id":"https:\/\/villa-rogoznica.de\/hr#\/schema\/logo\/image\/","url":"https:\/\/villa-rogoznica.de\/wp-content\/uploads\/2023\/12\/Logo-Villa-Maria-Logo-White.svg","contentUrl":"https:\/\/villa-rogoznica.de\/wp-content\/uploads\/2023\/12\/Logo-Villa-Maria-Logo-White.svg","width":661,"height":206,"caption":"Antonija Apartments & Villa Rogoznica"},"image":{"@id":"https:\/\/villa-rogoznica.de\/hr#\/schema\/logo\/image\/"}}]}},"_links":{"self":[{"href":"https:\/\/villa-rogoznica.de\/hr\/wp-json\/wp\/v2\/pages\/1337","targetHints":{"allow":["GET"]}}],"collection":[{"href":"https:\/\/villa-rogoznica.de\/hr\/wp-json\/wp\/v2\/pages"}],"about":[{"href":"https:\/\/villa-rogoznica.de\/hr\/wp-json\/wp\/v2\/types\/page"}],"author":[{"embeddable":true,"href":"https:\/\/villa-rogoznica.de\/hr\/wp-json\/wp\/v2\/users\/2"}],"replies":[{"embeddable":true,"href":"https:\/\/villa-rogoznica.de\/hr\/wp-json\/wp\/v2\/comments?post=1337"}],"version-history":[{"count":0,"href":"https:\/\/villa-rogoznica.de\/hr\/wp-json\/wp\/v2\/pages\/1337\/revisions"}],"wp:attachment":[{"href":"https:\/\/villa-rogoznica.de\/hr\/wp-json\/wp\/v2\/media?parent=1337"}],"curies":[{"name":"wp","href":"https:\/\/api.w.org\/{rel}","templated":true}]}}